{"id":9023,"date":"2020-10-23T08:23:10","date_gmt":"2020-10-23T11:23:10","guid":{"rendered":"https:\/\/www.hogardecristo.cl\/sumate\/?page_id=9023"},"modified":"2022-07-27T02:08:19","modified_gmt":"2022-07-27T05:08:19","slug":"colabora","status":"publish","type":"page","link":"https:\/\/www.hogardecristo.cl\/sumate\/colabora\/","title":{"rendered":"Colabora"},"content":{"rendered":"<p>[et_pb_section fb_built=\u00bb1&#8243; admin_label=\u00bbGlobal Header\u00bb _builder_version=\u00bb4.6.6&#8243; _module_preset=\u00bbdefault\u00bb background_color=\u00bb#77aa00&#8243; background_image=\u00bbhttps:\/\/www.hogardecristo.cl\/sumate\/wp-content\/uploads\/2020\/10\/sumate5.jpg\u00bb background_blend=\u00bbsoft-light\u00bb custom_margin=\u00bb||||false|false\u00bb custom_margin_tablet=\u00bb90px||||false|false\u00bb custom_margin_phone=\u00bb70px||||false|false\u00bb custom_margin_last_edited=\u00bboff|desktop\u00bb custom_padding=\u00bb0px||0px||false|false\u00bb da_disable_devices=\u00bboff|off|off\u00bb global_module=\u00bb2368&#8243; global_colors_info=\u00bb{}\u00bb da_is_popup=\u00bboff\u00bb da_exit_intent=\u00bboff\u00bb da_has_close=\u00bbon\u00bb da_alt_close=\u00bboff\u00bb da_dark_close=\u00bboff\u00bb da_not_modal=\u00bbon\u00bb da_is_singular=\u00bboff\u00bb da_with_loader=\u00bboff\u00bb da_has_shadow=\u00bbon\u00bb][et_pb_row column_structure=\u00bb1_2,1_2&#8243; _builder_version=\u00bb4.16&#8243; _module_preset=\u00bbdefault\u00bb custom_margin=\u00bb||0px||false|false\u00bb custom_padding=\u00bb11px|0px|0px|0px|false|true\u00bb global_colors_info=\u00bb{}\u00bb][et_pb_column type=\u00bb1_2&#8243; _builder_version=\u00bb4.16&#8243; _module_preset=\u00bbdefault\u00bb custom_css_main_element=\u00bbmargin-bottom: 0px!important;\u00bb global_colors_info=\u00bb{}\u00bb custom_css_main_element_last_edited=\u00bboff|tablet\u00bb][et_pb_text admin_label=\u00bbTexto\u00bb _builder_version=\u00bb4.16&#8243; _dynamic_attributes=\u00bbcontent\u00bb _module_preset=\u00bbdefault\u00bb header_text_color=\u00bb#ffffff\u00bb header_font_size=\u00bb30px\u00bb custom_margin=\u00bb||||false|false\u00bb custom_padding=\u00bb2px|0px|0px|0px|false|true\u00bb custom_padding_tablet=\u00bb|10px||10px|false|true\u00bb custom_padding_phone=\u00bb\u00bb custom_padding_last_edited=\u00bbon|phone\u00bb global_colors_info=\u00bb{}\u00bb]@ET-DC@eyJkeW5hbWljIjp0cnVlLCJjb250ZW50IjoicG9zdF90aXRsZSIsInNldHRpbmdzIjp7ImJlZm9yZSI6IjxoMT4iLCJhZnRlciI6IjwvaDE+In19@[\/et_pb_text][\/et_pb_column][et_pb_column type=\u00bb1_2&#8243; disabled_on=\u00bbon|on|off\u00bb _builder_version=\u00bb4.16&#8243; _module_preset=\u00bbdefault\u00bb global_colors_info=\u00bb{}\u00bb][et_pb_code disabled_on=\u00bbon|on|off\u00bb _builder_version=\u00bb4.16&#8243; _module_preset=\u00bbdefault\u00bb text_orientation=\u00bbright\u00bb custom_padding=\u00bb0px|0px|0px|0px|true|true\u00bb custom_css_main_element=\u00bbcolor: white;||margin-top: -4px;||margin-bottom: 4px;\u00bb global_colors_info=\u00bb{}\u00bb][flexy_breadcrumb][\/et_pb_code][\/et_pb_column][\/et_pb_row][\/et_pb_section][et_pb_section fb_built=\u00bb1&#8243; admin_label=\u00bbColegio Padre \u00c1lvaro Lav\u00edn\u00bb _builder_version=\u00bb4.16&#8243; _module_preset=\u00bbdefault\u00bb custom_padding=\u00bb||||false|false\u00bb da_disable_devices=\u00bboff|off|off\u00bb global_colors_info=\u00bb{}\u00bb da_is_popup=\u00bboff\u00bb da_exit_intent=\u00bboff\u00bb da_has_close=\u00bbon\u00bb da_alt_close=\u00bboff\u00bb da_dark_close=\u00bboff\u00bb da_not_modal=\u00bbon\u00bb da_is_singular=\u00bboff\u00bb da_with_loader=\u00bboff\u00bb da_has_shadow=\u00bbon\u00bb][et_pb_row column_structure=\u00bb1_2,1_2&#8243; use_custom_gutter=\u00bbon\u00bb gutter_width=\u00bb2&#8243; make_equal=\u00bbon\u00bb _builder_version=\u00bb4.17.6&#8243; _module_preset=\u00bbdefault\u00bb hover_enabled=\u00bb0&#8243; global_colors_info=\u00bb{}\u00bb custom_css_main_element_last_edited=\u00bbon|phone\u00bb custom_css_main_element_phone=\u00bbdisplay: flex;||flex-wrap: wrap;\u00bb sticky_enabled=\u00bb0&#8243;][et_pb_column type=\u00bb1_2&#8243; _builder_version=\u00bb4.17.6&#8243; _module_preset=\u00bbdefault\u00bb background_image=\u00bbhttps:\/\/www.hogardecristo.cl\/sumate\/wp-content\/uploads\/2022\/07\/Picture10.jpg\u00bb hover_enabled=\u00bb0&#8243; border_radii=\u00bbon|5px|5px|5px|5px\u00bb global_colors_info=\u00bb{}\u00bb custom_css_main_element_last_edited=\u00bbon|phone\u00bb custom_css_main_element_phone=\u00bborder: 2;\u00bb title_text=\u00bbPicture10&#8243; sticky_enabled=\u00bb0&#8243;][et_pb_divider show_divider=\u00bboff\u00bb disabled_on=\u00bboff|off|on\u00bb _builder_version=\u00bb4.16&#8243; _module_preset=\u00bbdefault\u00bb custom_padding=\u00bb100px||100px||true|false\u00bb global_colors_info=\u00bb{}\u00bb][\/et_pb_divider][\/et_pb_column][et_pb_column type=\u00bb1_2&#8243; _builder_version=\u00bb4.16&#8243; _module_preset=\u00bbdefault\u00bb custom_padding=\u00bb70px|50px|70px|25px|true|false\u00bb global_colors_info=\u00bb{}\u00bb custom_css_main_element_last_edited=\u00bbon|phone\u00bb custom_css_main_element_phone=\u00bborder: 1;\u00bb][et_pb_text _builder_version=\u00bb4.16&#8243; _module_preset=\u00bbdefault\u00bb custom_margin=\u00bb||0px||false|false\u00bb custom_padding=\u00bb||0px||false|false\u00bb global_colors_info=\u00bb{}\u00bb]<\/p>\n<h2>Hazte Socio<\/h2>\n<p>[\/et_pb_text][et_pb_text _builder_version=\u00bb4.17.6&#8243; _module_preset=\u00bbdefault\u00bb custom_margin=\u00bb||15px||false|false\u00bb custom_padding=\u00bb||||false|false\u00bb hover_enabled=\u00bb0&#8243; global_colors_info=\u00bb{}\u00bb sticky_enabled=\u00bb0&#8243;]<\/p>\n<p>\u00abRealmente me siento un privilegiado al poder colaborar con Fundaci\u00f3n S\u00famate, la satisfacci\u00f3n que significa poder de alguna manera apoyar una obra maravillosa, cuyo objetivo es posibilitar a j\u00f3venes que viven en una situaci\u00f3n de pobreza a finalizar su educaci\u00f3n escolar. Es fundamental que hagamos un esfuerzo para facilitar la inclusi\u00f3n social de estos j\u00f3venes; para convivir en una sociedad sana y justa\u2026 \u00a1Es necesario compartir!\u00bb<\/p>\n<p><strong>Jaime Pereira<\/strong><\/p>\n<p>[\/et_pb_text][et_pb_button button_url=\u00bb@ET-DC@eyJkeW5hbWljIjp0cnVlLCJjb250ZW50IjoicG9zdF9saW5rX3VybF9wYWdlIiwic2V0dGluZ3MiOnsicG9zdF9pZCI6IjkwMzIifX0=@\u00bb button_text=\u00bbQuiero ser Socio\u00bb button_alignment=\u00bbleft\u00bb _builder_version=\u00bb4.16&#8243; _dynamic_attributes=\u00bbbutton_url\u00bb _module_preset=\u00bbdefault\u00bb custom_button=\u00bbon\u00bb button_text_size=\u00bb14px\u00bb button_text_color=\u00bb#ffffff\u00bb button_bg_color=\u00bb#ff6600&#8243; button_border_width=\u00bb0px\u00bb button_border_radius=\u00bb100px\u00bb button_letter_spacing=\u00bb0px\u00bb button_font=\u00bb|600|||||||\u00bb button_use_icon=\u00bboff\u00bb custom_css_main_element=\u00bbwidth: 70%;||text-align: center;\u00bb box_shadow_style=\u00bbpreset3&#8243; box_shadow_vertical=\u00bb0px\u00bb global_colors_info=\u00bb{}\u00bb button_text_color__hover=\u00bb#ffffff\u00bb button_text_color__hover_enabled=\u00bbon|desktop\u00bb button_bg_color__hover=\u00bbrgba(255,102,0,0.8)\u00bb button_bg_color__hover_enabled=\u00bbon|hover\u00bb button_bg_enable_color__hover=\u00bbon\u00bb box_shadow_vertical__hover_enabled=\u00bbon|hover\u00bb box_shadow_vertical__hover=\u00bb8px\u00bb][\/et_pb_button][\/et_pb_column][\/et_pb_row][\/et_pb_section][et_pb_section fb_built=\u00bb1&#8243; admin_label=\u00bbColegio Betania\u00bb _builder_version=\u00bb4.16&#8243; _module_preset=\u00bbdefault\u00bb background_color=\u00bb#f7ffe4&#8243; custom_padding=\u00bb||||true|false\u00bb da_disable_devices=\u00bboff|off|off\u00bb global_colors_info=\u00bb{}\u00bb da_is_popup=\u00bboff\u00bb da_exit_intent=\u00bboff\u00bb da_has_close=\u00bbon\u00bb da_alt_close=\u00bboff\u00bb da_dark_close=\u00bboff\u00bb da_not_modal=\u00bbon\u00bb da_is_singular=\u00bboff\u00bb da_with_loader=\u00bboff\u00bb da_has_shadow=\u00bbon\u00bb][et_pb_row column_structure=\u00bb1_2,1_2&#8243; use_custom_gutter=\u00bbon\u00bb gutter_width=\u00bb2&#8243; make_equal=\u00bbon\u00bb _builder_version=\u00bb4.16&#8243; _module_preset=\u00bbdefault\u00bb global_colors_info=\u00bb{}\u00bb custom_css_main_element_last_edited=\u00bbon|phone\u00bb custom_css_main_element_phone=\u00bbdisplay: flex;||flex-wrap: wrap;\u00bb][et_pb_column type=\u00bb1_2&#8243; _builder_version=\u00bb4.16&#8243; _module_preset=\u00bbdefault\u00bb background_enable_color=\u00bboff\u00bb custom_padding=\u00bb70px|25px|70px|50px|true|false\u00bb global_colors_info=\u00bb{}\u00bb custom_css_main_element_last_edited=\u00bbon|phone\u00bb custom_css_main_element_phone=\u00bborder: 1;\u00bb][et_pb_text _builder_version=\u00bb4.16&#8243; _module_preset=\u00bbdefault\u00bb custom_margin=\u00bb||0px||false|false\u00bb custom_padding=\u00bb||0px||false|false\u00bb global_colors_info=\u00bb{}\u00bb]<\/p>\n<h2>S\u00e9 Voluntario<\/h2>\n<p>[\/et_pb_text][et_pb_text _builder_version=\u00bb4.16&#8243; _module_preset=\u00bbdefault\u00bb custom_margin=\u00bb||15px||false|false\u00bb custom_padding=\u00bb||||false|false\u00bb global_colors_info=\u00bb{}\u00bb]<\/p>\n<p><em>\u00abDesde hace un poco m\u00e1s de 8 a\u00f1os soy voluntaria en fundaci\u00f3n S\u00famate.<\/em><\/p>\n<p><em>Cada oportunidad de participar para mi es una muestra de todo lo maravilloso que podemos hacer para que este mundo sea m\u00e1s compasivo y mejor para todos, cada momento ha sido \u00fanico lo recuerdo con mucho cari\u00f1o, sobre todo a los j\u00f3venes con los cuales he compartido y con el tiempo uno ha visto sus rumbos, logros y el crecimiento personal que han alcanzado.\u00bb<\/em><\/p>\n<p><strong>Lindsay Iturra<\/strong><\/p>\n<p>&nbsp;<\/p>\n<p>&nbsp;<\/p>\n<p>[\/et_pb_text][et_pb_button button_url=\u00bb@ET-DC@eyJkeW5hbWljIjp0cnVlLCJjb250ZW50IjoicG9zdF9saW5rX3VybF9wYWdlIiwic2V0dGluZ3MiOnsicG9zdF9pZCI6IjkwMzkifX0=@\u00bb button_text=\u00bbQuiero ser Voluntario\u00bb button_alignment=\u00bbleft\u00bb _builder_version=\u00bb4.16&#8243; _dynamic_attributes=\u00bbbutton_url\u00bb _module_preset=\u00bbdefault\u00bb custom_button=\u00bbon\u00bb button_text_size=\u00bb14px\u00bb button_text_color=\u00bb#ffffff\u00bb button_bg_color=\u00bb#ff6600&#8243; button_border_width=\u00bb0px\u00bb button_border_radius=\u00bb100px\u00bb button_letter_spacing=\u00bb0px\u00bb button_font=\u00bb|600|||||||\u00bb button_use_icon=\u00bboff\u00bb custom_css_main_element=\u00bbwidth: 70%;||text-align: center;\u00bb box_shadow_style=\u00bbpreset3&#8243; box_shadow_vertical=\u00bb0px\u00bb global_colors_info=\u00bb{}\u00bb button_text_color__hover=\u00bb#ffffff\u00bb button_text_color__hover_enabled=\u00bbon|desktop\u00bb button_bg_color__hover=\u00bbrgba(255,102,0,0.8)\u00bb button_bg_color__hover_enabled=\u00bbon|hover\u00bb button_bg_enable_color__hover=\u00bbon\u00bb box_shadow_vertical__hover_enabled=\u00bbon|hover\u00bb box_shadow_vertical__hover=\u00bb8px\u00bb][\/et_pb_button][\/et_pb_column][et_pb_column type=\u00bb1_2&#8243; _builder_version=\u00bb4.16&#8243; _module_preset=\u00bbdefault\u00bb background_image=\u00bbhttps:\/\/www.hogardecristo.cl\/sumate\/wp-content\/uploads\/2021\/02\/Lindsay.jpeg\u00bb border_radii=\u00bbon|5px|5px|5px|5px\u00bb global_colors_info=\u00bb{}\u00bb custom_css_main_element_last_edited=\u00bbon|phone\u00bb custom_css_main_element_phone=\u00bborder: 2;\u00bb][et_pb_divider show_divider=\u00bboff\u00bb disabled_on=\u00bboff|off|on\u00bb _builder_version=\u00bb4.16&#8243; _module_preset=\u00bbdefault\u00bb custom_padding=\u00bb100px||100px||true|false\u00bb global_colors_info=\u00bb{}\u00bb][\/et_pb_divider][\/et_pb_column][\/et_pb_row][\/et_pb_section][et_pb_section fb_built=\u00bb1&#8243; admin_label=\u00bbPadre Hurtado\u00bb _builder_version=\u00bb4.16&#8243; _module_preset=\u00bbdefault\u00bb custom_padding=\u00bb||||false|false\u00bb da_disable_devices=\u00bboff|off|off\u00bb global_colors_info=\u00bb{}\u00bb da_is_popup=\u00bboff\u00bb da_exit_intent=\u00bboff\u00bb da_has_close=\u00bbon\u00bb da_alt_close=\u00bboff\u00bb da_dark_close=\u00bboff\u00bb da_not_modal=\u00bbon\u00bb da_is_singular=\u00bboff\u00bb da_with_loader=\u00bboff\u00bb da_has_shadow=\u00bbon\u00bb][et_pb_row column_structure=\u00bb1_2,1_2&#8243; use_custom_gutter=\u00bbon\u00bb gutter_width=\u00bb2&#8243; make_equal=\u00bbon\u00bb _builder_version=\u00bb4.16&#8243; _module_preset=\u00bbdefault\u00bb global_colors_info=\u00bb{}\u00bb custom_css_main_element_last_edited=\u00bbon|phone\u00bb custom_css_main_element_phone=\u00bbdisplay: flex;||flex-wrap: wrap;\u00bb][et_pb_column type=\u00bb1_2&#8243; _builder_version=\u00bb4.16&#8243; _module_preset=\u00bbdefault\u00bb background_image=\u00bbhttps:\/\/www.hogardecristo.cl\/sumate\/wp-content\/uploads\/2021\/01\/Tadashi-1.jpg\u00bb custom_padding=\u00bb||||false|false\u00bb border_radii=\u00bbon|5px|5px|5px|5px\u00bb global_colors_info=\u00bb{}\u00bb custom_css_main_element_last_edited=\u00bbon|phone\u00bb custom_css_main_element_phone=\u00bborder: 2;\u00bb][et_pb_divider show_divider=\u00bboff\u00bb disabled_on=\u00bboff|off|on\u00bb _builder_version=\u00bb4.16&#8243; _module_preset=\u00bbdefault\u00bb custom_padding=\u00bb100px||100px||true|false\u00bb global_colors_info=\u00bb{}\u00bb][\/et_pb_divider][\/et_pb_column][et_pb_column type=\u00bb1_2&#8243; _builder_version=\u00bb4.16&#8243; _module_preset=\u00bbdefault\u00bb custom_padding=\u00bb70px|50px|70px|25px|true|false\u00bb global_colors_info=\u00bb{}\u00bb custom_css_main_element_last_edited=\u00bbon|phone\u00bb custom_css_main_element_phone=\u00bborder: 1;\u00bb][et_pb_text _builder_version=\u00bb4.16&#8243; _module_preset=\u00bbdefault\u00bb custom_margin=\u00bb||0px||false|false\u00bb custom_padding=\u00bb||0px||false|false\u00bb global_colors_info=\u00bb{}\u00bb]<\/p>\n<h2>Hazte padrino o madrina<\/h2>\n<p>[\/et_pb_text][et_pb_text _builder_version=\u00bb4.16&#8243; _module_preset=\u00bbdefault\u00bb custom_margin=\u00bb||15px||false|false\u00bb custom_padding=\u00bb||||false|false\u00bb global_colors_info=\u00bb{}\u00bb]<\/p>\n<p><em>\u00abSoy padrino hace aproximadamente 3 a\u00f1os. Siempre me he preguntado qu\u00e9 diferencia hace el entregar o no este aporte. El mundo es inestable, la desigualdad crece y se siente como una ayuda insuficiente de mi parte. Pero luego recibo noticias de c\u00f3mo va mi ahijado y de c\u00f3mo avanz\u00f3 un a\u00f1o m\u00e1s \u00bfQui\u00e9n sabe d\u00f3nde llegar\u00e1?&#8230;Si todo saliera mal o si no lograra el cambio, aun as\u00ed sabr\u00eda que lo intent\u00e9, que no fui neutro frente a la posibilidad de ayudar. Y eso es lo que me motiva a participar.\u00bb<\/em><\/p>\n<p><strong><em>Tasadhi Takaoka<\/em><\/strong><\/p>\n<p>[\/et_pb_text][et_pb_button button_url=\u00bb@ET-DC@eyJkeW5hbWljIjp0cnVlLCJjb250ZW50IjoicG9zdF9saW5rX3VybF9wYWdlIiwic2V0dGluZ3MiOnsicG9zdF9pZCI6IjkwNDYifX0=@\u00bb button_text=\u00bbQuiero apadrinar a un(a) Estudiante\u00bb _builder_version=\u00bb4.16&#8243; _dynamic_attributes=\u00bbbutton_url\u00bb _module_preset=\u00bbdefault\u00bb custom_button=\u00bbon\u00bb button_text_size=\u00bb14px\u00bb button_text_color=\u00bb#ffffff\u00bb button_bg_color=\u00bb#ff6600&#8243; button_border_width=\u00bb0px\u00bb button_border_radius=\u00bb100px\u00bb button_letter_spacing=\u00bb0px\u00bb button_font=\u00bb|600|||||||\u00bb button_use_icon=\u00bboff\u00bb custom_css_main_element=\u00bbwidth: 70%;||text-align: center;\u00bb box_shadow_style=\u00bbpreset3&#8243; box_shadow_vertical=\u00bb0px\u00bb global_colors_info=\u00bb{}\u00bb button_text_color__hover=\u00bb#ffffff\u00bb button_text_color__hover_enabled=\u00bbon|desktop\u00bb button_bg_color__hover=\u00bbrgba(255,102,0,0.8)\u00bb button_bg_color__hover_enabled=\u00bbon|hover\u00bb button_bg_enable_color__hover=\u00bbon\u00bb box_shadow_vertical__hover_enabled=\u00bbon|hover\u00bb box_shadow_vertical__hover=\u00bb8px\u00bb][\/et_pb_button][\/et_pb_column][\/et_pb_row][\/et_pb_section]<\/p>\n","protected":false},"excerpt":{"rendered":"<p>[flexy_breadcrumb]Hazte Socio\u00abRealmente me siento un privilegiado al poder colaborar con Fundaci\u00f3n S\u00famate, la satisfacci\u00f3n que significa poder de alguna manera apoyar una obra maravillosa, cuyo objetivo es posibilitar a j\u00f3venes que viven en una situaci\u00f3n de pobreza a finalizar su educaci\u00f3n escolar. Es fundamental que hagamos un esfuerzo para facilitar la inclusi\u00f3n social de estos [&hellip;]<\/p>\n","protected":false},"author":1,"featured_media":0,"parent":0,"menu_order":0,"comment_status":"closed","ping_status":"closed","template":"","meta":{"_acf_changed":false,"_et_pb_use_builder":"on","_et_pb_old_content":"","_et_gb_content_width":"","footnotes":""},"class_list":["post-9023","page","type-page","status-publish","hentry"],"acf":[],"_links":{"self":[{"href":"https:\/\/www.hogardecristo.cl\/sumate\/wp-json\/wp\/v2\/pages\/9023","targetHints":{"allow":["GET"]}}],"collection":[{"href":"https:\/\/www.hogardecristo.cl\/sumate\/wp-json\/wp\/v2\/pages"}],"about":[{"href":"https:\/\/www.hogardecristo.cl\/sumate\/wp-json\/wp\/v2\/types\/page"}],"author":[{"embeddable":true,"href":"https:\/\/www.hogardecristo.cl\/sumate\/wp-json\/wp\/v2\/users\/1"}],"replies":[{"embeddable":true,"href":"https:\/\/www.hogardecristo.cl\/sumate\/wp-json\/wp\/v2\/comments?post=9023"}],"version-history":[{"count":1,"href":"https:\/\/www.hogardecristo.cl\/sumate\/wp-json\/wp\/v2\/pages\/9023\/revisions"}],"predecessor-version":[{"id":11028,"href":"https:\/\/www.hogardecristo.cl\/sumate\/wp-json\/wp\/v2\/pages\/9023\/revisions\/11028"}],"wp:attachment":[{"href":"https:\/\/www.hogardecristo.cl\/sumate\/wp-json\/wp\/v2\/media?parent=9023"}],"curies":[{"name":"wp","href":"https:\/\/api.w.org\/{rel}","templated":true}]}}