{"id":9039,"date":"2020-10-23T09:02:06","date_gmt":"2020-10-23T12:02:06","guid":{"rendered":"https:\/\/www.hogardecristo.cl\/sumate\/?page_id=9039"},"modified":"2021-03-01T11:51:44","modified_gmt":"2021-03-01T14:51:44","slug":"hazte-voluntario","status":"publish","type":"page","link":"https:\/\/www.hogardecristo.cl\/sumate\/colabora\/hazte-voluntario\/","title":{"rendered":"Hazte Voluntario"},"content":{"rendered":"<p>[et_pb_section fb_built=\u00bb1&#8243; admin_label=\u00bbGlobal Header\u00bb _builder_version=\u00bb4.6.6&#8243; _module_preset=\u00bbdefault\u00bb background_color=\u00bb#77aa00&#8243; background_image=\u00bbhttps:\/\/www.hogardecristo.cl\/sumate\/wp-content\/uploads\/2020\/10\/sumate5.jpg\u00bb background_blend=\u00bbsoft-light\u00bb custom_margin=\u00bb||||false|false\u00bb custom_margin_tablet=\u00bb90px||||false|false\u00bb custom_margin_phone=\u00bb70px||||false|false\u00bb custom_margin_last_edited=\u00bboff|desktop\u00bb custom_padding=\u00bb15px|10px|15px|10px|true|true\u00bb da_disable_devices=\u00bboff|off|off\u00bb global_module=\u00bb2368&#8243; da_is_popup=\u00bboff\u00bb da_exit_intent=\u00bboff\u00bb da_has_close=\u00bbon\u00bb da_alt_close=\u00bboff\u00bb da_dark_close=\u00bboff\u00bb da_not_modal=\u00bbon\u00bb da_is_singular=\u00bboff\u00bb da_with_loader=\u00bboff\u00bb da_has_shadow=\u00bbon\u00bb][et_pb_row column_structure=\u00bb1_2,1_2&#8243; _builder_version=\u00bb4.8.2&#8243; _module_preset=\u00bbdefault\u00bb custom_margin=\u00bb||0px||false|false\u00bb custom_padding=\u00bb11px|0px|0px|0px|false|true\u00bb][et_pb_column type=\u00bb1_2&#8243; _builder_version=\u00bb4.8.2&#8243; _module_preset=\u00bbdefault\u00bb custom_css_main_element=\u00bbmargin-bottom: 0px!important;\u00bb custom_css_main_element_last_edited=\u00bboff|tablet\u00bb][et_pb_text _builder_version=\u00bb4.8.2&#8243; _dynamic_attributes=\u00bbcontent\u00bb _module_preset=\u00bbdefault\u00bb header_text_color=\u00bb#ffffff\u00bb header_font_size=\u00bb30px\u00bb custom_margin=\u00bb||||false|false\u00bb custom_padding=\u00bb2px|0px|0px|0px|false|true\u00bb custom_padding_tablet=\u00bb|10px||10px|false|true\u00bb custom_padding_phone=\u00bb\u00bb custom_padding_last_edited=\u00bbon|phone\u00bb]@ET-DC@eyJkeW5hbWljIjp0cnVlLCJjb250ZW50IjoicG9zdF90aXRsZSIsInNldHRpbmdzIjp7ImJlZm9yZSI6IjxoMT4iLCJhZnRlciI6IjwvaDE+In19@[\/et_pb_text][\/et_pb_column][et_pb_column type=\u00bb1_2&#8243; disabled_on=\u00bbon|on|off\u00bb _builder_version=\u00bb4.8.2&#8243; _module_preset=\u00bbdefault\u00bb][et_pb_code disabled_on=\u00bbon|on|off\u00bb _builder_version=\u00bb4.8.2&#8243; _module_preset=\u00bbdefault\u00bb text_orientation=\u00bbright\u00bb custom_padding=\u00bb0px|0px|0px|0px|true|true\u00bb custom_css_main_element=\u00bbcolor: white;||margin-top: -4px;||margin-bottom: 4px;\u00bb][flexy_breadcrumb][\/et_pb_code][\/et_pb_column][\/et_pb_row][\/et_pb_section][et_pb_section fb_built=\u00bb1&#8243; _builder_version=\u00bb4.6.6&#8243; _module_preset=\u00bbdefault\u00bb custom_margin=\u00bb||||false|false\u00bb custom_padding=\u00bb|10px||10px|true|true\u00bb da_disable_devices=\u00bboff|off|off\u00bb da_is_popup=\u00bboff\u00bb da_exit_intent=\u00bboff\u00bb da_has_close=\u00bbon\u00bb da_alt_close=\u00bboff\u00bb da_dark_close=\u00bboff\u00bb da_not_modal=\u00bbon\u00bb da_is_singular=\u00bboff\u00bb da_with_loader=\u00bboff\u00bb da_has_shadow=\u00bbon\u00bb][et_pb_row column_structure=\u00bb1_2,1_2&#8243; make_equal=\u00bbon\u00bb _builder_version=\u00bb4.7.4&#8243; _module_preset=\u00bbdefault\u00bb][et_pb_column type=\u00bb1_2&#8243; _builder_version=\u00bb4.7.4&#8243; _module_preset=\u00bbdefault\u00bb custom_padding=\u00bb110px||||false|false\u00bb custom_padding_tablet=\u00bb\u00bb custom_padding_phone=\u00bb0px||||false|false\u00bb custom_padding_last_edited=\u00bbon|phone\u00bb][et_pb_text _builder_version=\u00bb4.8.1&#8243; _module_preset=\u00bbdefault\u00bb custom_margin=\u00bb||15px||false|false\u00bb custom_padding=\u00bb||||false|false\u00bb locked=\u00bboff\u00bb]<\/p>\n<h2><strong>\u00a1Ay\u00fadanos a combatir la exclusi\u00f3n educativa!<\/strong><\/h2>\n<p>[\/et_pb_text][et_pb_text _builder_version=\u00bb4.8.1&#8243; _module_preset=\u00bbdefault\u00bb text_orientation=\u00bbjustified\u00bb]<\/p>\n<p>Los ni\u00f1os, ni\u00f1as y j\u00f3venes que viven experiencias de exclusi\u00f3n educativa muchas veces cuentan con pocas redes de apoyo que los ayuden a continuar sus procesos escolares. Por este motivo, queremos invitarte a que nos ayudes a dar la continuidad a las trayectorias educativas de estos j\u00f3venes siendo voluntario y transform\u00e1ndote en una red de apoyo para ellos.<\/p>\n<p>[\/et_pb_text][\/et_pb_column][et_pb_column type=\u00bb1_2&#8243; _builder_version=\u00bb4.6.6&#8243; _module_preset=\u00bbdefault\u00bb background_enable_image=\u00bboff\u00bb][et_pb_image src=\u00bbhttps:\/\/www.hogardecristo.cl\/sumate\/wp-content\/uploads\/2021\/03\/Se-Voluntario.jpg\u00bb title_text=\u00bbSe-Voluntario\u00bb _builder_version=\u00bb4.9.0&#8243; _module_preset=\u00bbdefault\u00bb hover_enabled=\u00bb0&#8243; border_radii=\u00bbon|5px|5px|5px|5px\u00bb sticky_enabled=\u00bb0&#8243;][\/et_pb_image][\/et_pb_column][\/et_pb_row][\/et_pb_section][et_pb_section fb_built=\u00bb1&#8243; _builder_version=\u00bb4.6.6&#8243; _module_preset=\u00bbdefault\u00bb background_color=\u00bb#f7ffe4&#8243; custom_margin=\u00bb||||false|false\u00bb custom_padding=\u00bb|10px||10px|true|true\u00bb da_disable_devices=\u00bboff|off|off\u00bb da_is_popup=\u00bboff\u00bb da_exit_intent=\u00bboff\u00bb da_has_close=\u00bbon\u00bb da_alt_close=\u00bboff\u00bb da_dark_close=\u00bboff\u00bb da_not_modal=\u00bbon\u00bb da_is_singular=\u00bboff\u00bb da_with_loader=\u00bboff\u00bb da_has_shadow=\u00bbon\u00bb][et_pb_row _builder_version=\u00bb4.8.0&#8243; _module_preset=\u00bbdefault\u00bb custom_css_main_element=\u00bbdisplay: flex;||flex-wrap: wrap;\u00bb][et_pb_column type=\u00bb4_4&#8243; _builder_version=\u00bb4.8.0&#8243; _module_preset=\u00bbdefault\u00bb custom_padding=\u00bb10px||10px||true|false\u00bb custom_css_main_element_last_edited=\u00bbon|phone\u00bb custom_css_main_element_phone=\u00bborder: 2;\u00bb][et_pb_text _builder_version=\u00bb4.8.1&#8243; _module_preset=\u00bbdefault\u00bb custom_margin=\u00bb||15px||false|false\u00bb custom_padding=\u00bb||||false|false\u00bb locked=\u00bboff\u00bb]<\/p>\n<h2><strong>\u00bfQu\u00e9 puedo hacer como voluntario o voluntaria?<\/strong><\/h2>\n<p>A continuaci\u00f3n te dejamos algunas opciones actividades que se dan de forma m\u00e1s frecuente en nuestros voluntariados, no obstante, si tienes alguna otra idea distinta \u00a1Estamos abiertos a recibir propuestas!<\/p>\n<p>[\/et_pb_text][et_pb_blurb title=\u00bbTutor\u00eda personalizada de alguna asignatura a un joven en etapa escolar o educaci\u00f3n superior.\u00bb use_icon=\u00bbon\u00bb font_icon=\u00bb%%45%%\u00bb icon_color=\u00bb#ffffff\u00bb use_circle=\u00bbon\u00bb circle_color=\u00bb#77aa00&#8243; icon_placement=\u00bbleft\u00bb content_max_width=\u00bb90%\u00bb use_icon_font_size=\u00bbon\u00bb _builder_version=\u00bb4.8.1&#8243; _module_preset=\u00bbdefault\u00bb header_text_align=\u00bbleft\u00bb transform_translate_linked=\u00bboff\u00bb module_alignment=\u00bbleft\u00bb custom_padding=\u00bb||||false|false\u00bb custom_css_blurb_title=\u00bbpadding: 8px 0px 0px 0px;\u00bb transform_styles__hover_enabled=\u00bboff|desktop\u00bb transform_scale__hover_enabled=\u00bboff|desktop\u00bb transform_translate__hover_enabled=\u00bboff|desktop\u00bb transform_rotate__hover_enabled=\u00bboff|desktop\u00bb transform_skew__hover_enabled=\u00bboff|desktop\u00bb transform_origin__hover_enabled=\u00bboff|desktop\u00bb transform_translate__hover=\u00bb0px|-3px\u00bb][\/et_pb_blurb][et_pb_blurb title=\u00bbRealizaci\u00f3n de alg\u00fan taller relacionado con tem\u00e1ticas de desarrollo y cuidado personal (ejemplo: Alimentaci\u00f3n saludable, t\u00e9cnicas para manejar el estr\u00e9s y la ansiedad, empleabilidad, entre otros).\u00bb use_icon=\u00bbon\u00bb font_icon=\u00bb%%45%%\u00bb icon_color=\u00bb#ffffff\u00bb use_circle=\u00bbon\u00bb circle_color=\u00bb#77aa00&#8243; icon_placement=\u00bbleft\u00bb content_max_width=\u00bb90%\u00bb use_icon_font_size=\u00bbon\u00bb _builder_version=\u00bb4.8.1&#8243; _module_preset=\u00bbdefault\u00bb header_text_align=\u00bbleft\u00bb transform_translate_linked=\u00bboff\u00bb module_alignment=\u00bbleft\u00bb custom_padding=\u00bb||||false|false\u00bb custom_css_blurb_title=\u00bbpadding: 8px 0px 0px 0px;\u00bb transform_styles__hover_enabled=\u00bboff|desktop\u00bb transform_scale__hover_enabled=\u00bboff|desktop\u00bb transform_translate__hover_enabled=\u00bboff|desktop\u00bb transform_rotate__hover_enabled=\u00bboff|desktop\u00bb transform_skew__hover_enabled=\u00bboff|desktop\u00bb transform_origin__hover_enabled=\u00bboff|desktop\u00bb transform_translate__hover=\u00bb0px|-3px\u00bb][\/et_pb_blurb][et_pb_blurb title=\u00bbSi tienes un grupo de voluntarios o perteneces a alguna organizaci\u00f3n, se podr\u00eda realizar una actividad de voluntariado grupal como organizar un campeonato deportivo, realizar alguna actividad cultural o mejorar la infraestructura de alguna de nuestras escuelas o programas.\u00bb use_icon=\u00bbon\u00bb font_icon=\u00bb%%45%%\u00bb icon_color=\u00bb#ffffff\u00bb use_circle=\u00bbon\u00bb circle_color=\u00bb#77aa00&#8243; icon_placement=\u00bbleft\u00bb content_max_width=\u00bb90%\u00bb use_icon_font_size=\u00bbon\u00bb _builder_version=\u00bb4.8.1&#8243; _module_preset=\u00bbdefault\u00bb header_text_align=\u00bbleft\u00bb transform_translate_linked=\u00bboff\u00bb module_alignment=\u00bbleft\u00bb custom_padding=\u00bb||||false|false\u00bb custom_css_blurb_title=\u00bbpadding: 8px 0px 0px 0px;\u00bb transform_styles__hover_enabled=\u00bboff|desktop\u00bb transform_scale__hover_enabled=\u00bboff|desktop\u00bb transform_translate__hover_enabled=\u00bboff|desktop\u00bb transform_rotate__hover_enabled=\u00bboff|desktop\u00bb transform_skew__hover_enabled=\u00bboff|desktop\u00bb transform_origin__hover_enabled=\u00bboff|desktop\u00bb transform_translate__hover=\u00bb0px|-3px\u00bb][\/et_pb_blurb][et_pb_blurb title=\u00bbSi eres profesional, puedes prestar alg\u00fan servicio relacionado con tu \u00e1rea de expertise (por ejemplo: Atenci\u00f3n psicol\u00f3gica, servicios de dise\u00f1o, servicios de salud, entre otros).\u00bb use_icon=\u00bbon\u00bb font_icon=\u00bb%%45%%\u00bb icon_color=\u00bb#ffffff\u00bb use_circle=\u00bbon\u00bb circle_color=\u00bb#77aa00&#8243; icon_placement=\u00bbleft\u00bb content_max_width=\u00bb90%\u00bb use_icon_font_size=\u00bbon\u00bb _builder_version=\u00bb4.8.1&#8243; _module_preset=\u00bbdefault\u00bb header_text_align=\u00bbleft\u00bb transform_translate_linked=\u00bboff\u00bb module_alignment=\u00bbleft\u00bb custom_padding=\u00bb||||false|false\u00bb custom_css_blurb_title=\u00bbpadding: 8px 0px 0px 0px;\u00bb transform_styles__hover_enabled=\u00bboff|desktop\u00bb transform_scale__hover_enabled=\u00bboff|desktop\u00bb transform_translate__hover_enabled=\u00bboff|desktop\u00bb transform_rotate__hover_enabled=\u00bboff|desktop\u00bb transform_skew__hover_enabled=\u00bboff|desktop\u00bb transform_origin__hover_enabled=\u00bboff|desktop\u00bb transform_translate__hover=\u00bb0px|-3px\u00bb][\/et_pb_blurb][et_pb_text _builder_version=\u00bb4.7.3&#8243; _module_preset=\u00bbdefault\u00bb]<div class='fluentform ff-default fluentform_wrapper_4 ffs_default_wrap'><form data-form_id=\"4\" id=\"fluentform_4\" class=\"frm-fluent-form fluent_form_4 ff-el-form-top ff_form_instance_4_1 ff-form-loading ffs_default\" data-form_instance=\"ff_form_instance_4_1\" method=\"POST\" ><fieldset  style=\"border: none!important;margin: 0!important;padding: 0!important;background-color: transparent!important;box-shadow: none!important;outline: none!important; min-inline-size: 100%;\">\n                    <legend class=\"ff_screen_reader_title\" style=\"display: block; margin: 0!important;padding: 0!important;height: 0!important;text-indent: -999999px;width: 0!important;overflow:hidden;\">Hazte Voluntario<\/legend><input type='hidden' name='__fluent_form_embded_post_id' value='9039' \/><input type=\"hidden\" id=\"_fluentform_4_fluentformnonce\" name=\"_fluentform_4_fluentformnonce\" value=\"b14060970e\" \/><input type=\"hidden\" name=\"_wp_http_referer\" value=\"\/sumate\/wp-json\/wp\/v2\/pages\/9039\" \/><div data-type=\"name-element\" data-name=\"names\" class=\" ff-field_container ff-name-field-wrapper\" ><div class='ff-t-container'><div class='ff-t-cell '><div class='ff-el-group  ff-el-form-top'><div class=\"ff-el-input--label ff-el-is-required asterisk-right\"><label for='ff_4_names_first_name_' id='label_ff_4_names_first_name_' >Nombre<\/label><\/div><div class='ff-el-input--content'><input type=\"text\" name=\"names[first_name]\" id=\"ff_4_names_first_name_\" class=\"ff-el-form-control\" placeholder=\"Andr\u00e9s\" aria-invalid=\"false\" aria-required=true><\/div><\/div><\/div><div class='ff-t-cell '><div class='ff-el-group  ff-el-form-top'><div class=\"ff-el-input--label ff-el-is-required asterisk-right\"><label for='ff_4_names_last_name_' id='label_ff_4_names_last_name_' >Apellido<\/label><\/div><div class='ff-el-input--content'><input type=\"text\" name=\"names[last_name]\" id=\"ff_4_names_last_name_\" class=\"ff-el-form-control\" placeholder=\"Morales\" aria-invalid=\"false\" aria-required=true><\/div><\/div><\/div><\/div><\/div><div data-name=\"ff_cn_id_1\"  class='ff-t-container ff-column-container ff_columns_total_2 '><div class='ff-t-cell ff-t-column-1' style='flex-basis: 50%;'><div class='ff-el-group'><div class=\"ff-el-input--label ff-el-is-required asterisk-right\"><label for='ff_4_email' id='label_ff_4_email' aria-label=\"Correo Electr\u00f3nico\">Correo Electr\u00f3nico<\/label><\/div><div class='ff-el-input--content'><input type=\"email\" name=\"email\" id=\"ff_4_email\" class=\"ff-el-form-control\" placeholder=\"andres@morales.cl\" data-name=\"email\"  aria-invalid=\"false\" aria-required=true><\/div><\/div><\/div><div class='ff-t-cell ff-t-column-2' style='flex-basis: 50%;'><div class='ff-el-group'><div class=\"ff-el-input--label asterisk-right\"><label for='ff_4_phone' id='label_ff_4_phone' aria-label=\"Tel\u00e9fono de Contato\">Tel\u00e9fono de Contato<\/label><\/div><div class='ff-el-input--content'><input type=\"text\" name=\"phone\" class=\"ff-el-form-control\" placeholder=\"+5691231212\" data-name=\"phone\" id=\"ff_4_phone\"  aria-invalid=\"false\" aria-required=false><\/div><\/div><\/div><\/div><div class='ff-el-group'><div class=\"ff-el-input--label asterisk-right\"><label for='ff_4_mensaje' id='label_ff_4_mensaje' aria-label=\"D\u00e9janos tu mensaje\">D\u00e9janos tu mensaje<\/label><\/div><div class='ff-el-input--content'><textarea aria-required=\"false\" aria-labelledby=\"label_ff_4_mensaje\" name=\"mensaje\" id=\"ff_4_mensaje\" class=\"ff-el-form-control\" placeholder=\"\u00bfQuieres decir\/agregar algo? Hazlo aqu\u00ed.\" rows=\"3\" cols=\"2\" data-name=\"mensaje\" ><\/textarea><\/div><\/div><div class='ff-el-group ff-text-left ff_submit_btn_wrapper'><button type=\"submit\" class=\"ff-btn ff-btn-submit ff-btn-lg ff_btn_style\"  aria-label=\"\u00a1Enviar!\">\u00a1Enviar!<\/button><\/div><\/fieldset><\/form><div id='fluentform_4_errors' class='ff-errors-in-stack ff_form_instance_4_1 ff-form-loading_errors ff_form_instance_4_1_errors'><\/div><\/div>            <script type=\"text\/javascript\">\n                window.fluent_form_ff_form_instance_4_1 = {\"id\":\"4\",\"settings\":{\"layout\":{\"labelPlacement\":\"top\",\"helpMessagePlacement\":\"with_label\",\"errorMessagePlacement\":\"inline\",\"asteriskPlacement\":\"asterisk-right\"},\"restrictions\":{\"denyEmptySubmission\":{\"enabled\":false}}},\"form_instance\":\"ff_form_instance_4_1\",\"form_id_selector\":\"fluentform_4\",\"rules\":{\"names[first_name]\":{\"required\":{\"value\":true,\"message\":\"Este campo es requerido.\"}},\"names[middle_name]\":{\"required\":{\"value\":false,\"message\":\"This field is required\"}},\"names[last_name]\":{\"required\":{\"value\":true,\"message\":\"Este campo es requerido.\"}},\"email\":{\"required\":{\"value\":true,\"message\":\"Este campo es requerido.\"},\"email\":{\"value\":true,\"message\":\"This field must contain a valid email\"}},\"phone\":{\"required\":{\"value\":false,\"message\":\"This field is required\"}},\"mensaje\":{\"required\":{\"value\":false,\"message\":\"This field is required\"}}},\"debounce_time\":300};\n                            <\/script>\n            [\/et_pb_text][\/et_pb_column][\/et_pb_row][\/et_pb_section]<\/p>\n","protected":false},"excerpt":{"rendered":"<p>[flexy_breadcrumb]\u00a1Ay\u00fadanos a combatir la exclusi\u00f3n educativa!Los ni\u00f1os, ni\u00f1as y j\u00f3venes que viven experiencias de exclusi\u00f3n educativa muchas veces cuentan con pocas redes de apoyo que los ayuden a continuar sus procesos escolares. Por este motivo, queremos invitarte a que nos ayudes a dar la continuidad a las trayectorias educativas de estos j\u00f3venes siendo voluntario y [&hellip;]<\/p>\n","protected":false},"author":1,"featured_media":0,"parent":9023,"menu_order":0,"comment_status":"closed","ping_status":"closed","template":"","meta":{"_acf_changed":false,"_et_pb_use_builder":"on","_et_pb_old_content":"","_et_gb_content_width":"","footnotes":""},"class_list":["post-9039","page","type-page","status-publish","hentry"],"acf":[],"_links":{"self":[{"href":"https:\/\/www.hogardecristo.cl\/sumate\/wp-json\/wp\/v2\/pages\/9039","targetHints":{"allow":["GET"]}}],"collection":[{"href":"https:\/\/www.hogardecristo.cl\/sumate\/wp-json\/wp\/v2\/pages"}],"about":[{"href":"https:\/\/www.hogardecristo.cl\/sumate\/wp-json\/wp\/v2\/types\/page"}],"author":[{"embeddable":true,"href":"https:\/\/www.hogardecristo.cl\/sumate\/wp-json\/wp\/v2\/users\/1"}],"replies":[{"embeddable":true,"href":"https:\/\/www.hogardecristo.cl\/sumate\/wp-json\/wp\/v2\/comments?post=9039"}],"version-history":[{"count":0,"href":"https:\/\/www.hogardecristo.cl\/sumate\/wp-json\/wp\/v2\/pages\/9039\/revisions"}],"up":[{"embeddable":true,"href":"https:\/\/www.hogardecristo.cl\/sumate\/wp-json\/wp\/v2\/pages\/9023"}],"wp:attachment":[{"href":"https:\/\/www.hogardecristo.cl\/sumate\/wp-json\/wp\/v2\/media?parent=9039"}],"curies":[{"name":"wp","href":"https:\/\/api.w.org\/{rel}","templated":true}]}}