{"id":9833,"date":"2020-12-09T14:51:26","date_gmt":"2020-12-09T17:51:26","guid":{"rendered":"https:\/\/www.hogardecristo.cl\/sumate\/?page_id=9833"},"modified":"2025-11-09T21:48:16","modified_gmt":"2025-11-10T00:48:16","slug":"vuelve-a-estudiar","status":"publish","type":"page","link":"https:\/\/www.hogardecristo.cl\/sumate\/vuelve-a-estudiar\/","title":{"rendered":"Vuelve a Estudiar"},"content":{"rendered":"<p>[et_pb_section fb_built=\u00bb1&#8243; _builder_version=\u00bb4.16&#8243; _module_preset=\u00bbdefault\u00bb collapsed=\u00bboff\u00bb global_colors_info=\u00bb{}\u00bb][et_pb_row _builder_version=\u00bb4.22.2&#8243; _module_preset=\u00bbdefault\u00bb global_colors_info=\u00bb{}\u00bb][et_pb_column type=\u00bb4_4&#8243; _builder_version=\u00bb4.22.2&#8243; _module_preset=\u00bbdefault\u00bb global_colors_info=\u00bb{}\u00bb][et_pb_image src=\u00bbhttps:\/\/www.hogardecristo.cl\/sumate\/wp-content\/uploads\/2025\/10\/volver-a-estudiar-2026.jpg\u00bb title_text=\u00bbvolver-a-estudiar-2026&#8243; admin_label=\u00bbImagen\u00bb _builder_version=\u00bb4.26.0&#8243; _module_preset=\u00bbdefault\u00bb global_colors_info=\u00bb{}\u00bb][\/et_pb_image][et_pb_text module_id=\u00bbtexto-ofrecemos\u00bb _builder_version=\u00bb4.22.2&#8243; _module_preset=\u00bbdefault\u00bb text_text_color=\u00bb#FFFFFF\u00bb background_color=\u00bb#009391&#8243; global_colors_info=\u00bb{}\u00bb]<\/p>\n<p style=\"text-align: center;\"><strong>OFRECEMOS<\/strong><\/p>\n<p>[\/et_pb_text][\/et_pb_column][\/et_pb_row][et_pb_row column_structure=\u00bb1_2,1_2&#8243; _builder_version=\u00bb4.22.2&#8243; _module_preset=\u00bbdefault\u00bb global_colors_info=\u00bb{}\u00bb][et_pb_column type=\u00bb1_2&#8243; _builder_version=\u00bb4.22.2&#8243; _module_preset=\u00bbdefault\u00bb global_colors_info=\u00bb{}\u00bb][et_pb_image src=\u00bbhttps:\/\/www.hogardecristo.cl\/sumate\/wp-content\/uploads\/2024\/01\/colegio2x1-300&#215;60.png\u00bb title_text=\u00bbcolegio2x1&#8243; module_class=\u00bbsubtitulo-botones\u00bb _builder_version=\u00bb4.22.2&#8243; _module_preset=\u00bbdefault\u00bb global_colors_info=\u00bb{}\u00bb][\/et_pb_image][et_pb_text _builder_version=\u00bb4.27.4&#8243; _module_preset=\u00bbdefault\u00bb global_colors_info=\u00bb{}\u00bb]<\/p>\n<ul class=\"ul1\">\n<li><span>8vo b\u00e1sico y ense\u00f1anza media<\/span><\/li>\n<li>Terminar cuarto medio con oficio acreditado (Gastronom\u00eda, banqueter\u00eda y est\u00e9tica)<\/li>\n<li>Dos jornadas (AM y PM)<\/li>\n<li>Clases de lunes a viernes<\/li>\n<li>100% gratuito<\/li>\n<li>Salidas pedag\u00f3gicas<\/li>\n<\/ul>\n<p>&nbsp;<\/p>\n<p><strong>UBICACIONES<\/strong>:<\/p>\n<ul class=\"ul1\">\n<li class=\"li1\"><a title=\"Maip\u00fa\" href=\"https:\/\/www.hogardecristo.cl\/sumate\/colegio-padre-alvaro-lavin\/\">Maip\u00fa (solo E. Media)<\/a><\/li>\n<li class=\"li1\"><a title=\"La Granja\" href=\"https:\/\/www.hogardecristo.cl\/sumate\/colegio-betania\/\">La Granja (solo E. Media)<\/a><\/li>\n<li class=\"li1\"><a title=\"Renca\" href=\"https:\/\/www.hogardecristo.cl\/sumate\/escuela-padre-hurtado\/\">Renca (8vo B\u00e1sico y E. Media)<\/a><\/li>\n<\/ul>\n<p>[\/et_pb_text][\/et_pb_column][et_pb_column type=\u00bb1_2&#8243; _builder_version=\u00bb4.22.2&#8243; _module_preset=\u00bbdefault\u00bb global_colors_info=\u00bb{}\u00bb][et_pb_image src=\u00bbhttps:\/\/www.hogardecristo.cl\/sumate\/wp-content\/uploads\/2024\/01\/programas-seducativos.png\u00bb title_text=\u00bbprogramas-seducativos\u00bb module_class=\u00bbsubtitulo-botones\u00bb _builder_version=\u00bb4.22.2&#8243; _module_preset=\u00bbdefault\u00bb global_colors_info=\u00bb{}\u00bb][\/et_pb_image][et_pb_text _builder_version=\u00bb4.26.0&#8243; _module_preset=\u00bbdefault\u00bb global_colors_info=\u00bb{}\u00bb]<\/p>\n<ul class=\"ul1\">\n<li>Equipo profesional que te ayudar\u00e1 a buscar la mejor opci\u00f3n educativa para ti<\/li>\n<li>Compa\u00f1\u00eda y apoyo durante el proceso de retomar tus estudios<\/li>\n<li>Talleres de oficios y al aire libre<\/li>\n<li>Salidas culturales y recreativas<\/li>\n<\/ul>\n<p><strong><\/strong><\/p>\n<p><strong>UBICACIONES:<\/strong><\/p>\n<ul class=\"ul1\">\n<li class=\"li1\"><a title=\"La Granja\" href=\"https:\/\/www.hogardecristo.cl\/sumate\/programas\/programa-socioeducativo-zona-sur\/\">La Granja<\/a><\/li>\n<\/ul>\n<p>[\/et_pb_text][\/et_pb_column][\/et_pb_row][et_pb_row _builder_version=\u00bb4.22.2&#8243; _module_preset=\u00bbdefault\u00bb global_colors_info=\u00bb{}\u00bb][et_pb_column type=\u00bb4_4&#8243; _builder_version=\u00bb4.22.2&#8243; _module_preset=\u00bbdefault\u00bb global_colors_info=\u00bb{}\u00bb][et_pb_image src=\u00bbhttps:\/\/www.hogardecristo.cl\/sumate\/wp-content\/uploads\/2024\/01\/Vuelve-a-estudiar-3-scaled.jpg\u00bb title_text=\u00bbSecci\u00f3n Vuelve a estudiar &#8211; 3&#8243; url=\u00bbhttps:\/\/wa.link\/f1kh9w\u00bb _builder_version=\u00bb4.26.0&#8243; _module_preset=\u00bbdefault\u00bb global_colors_info=\u00bb{}\u00bb][\/et_pb_image][et_pb_code _builder_version=\u00bb4.26.0&#8243; _module_preset=\u00bbdefault\u00bb global_colors_info=\u00bb{}\u00bb]<pee style=\"font-size: large;\"><!-- [et_pb_line_break_holder] -->Si quieres saber m\u00e1s o matricularte en alguno de nuestros colegios y programas, <a href=\"https:\/\/wa.link\/f1kh9w\" target=\"_blank\" rel=\"noopener\">escr\u00edbenos por aqu\u00ed<\/a> o inscr\u00edbete en el siguiente formulario y te contactaremos.<\/pee><!-- [et_pb_line_break_holder] -->[\/et_pb_code][\/et_pb_column][\/et_pb_row][\/et_pb_section][et_pb_section fb_built=\u00bb1&#8243; _builder_version=\u00bb4.26.0&#8243; _module_preset=\u00bbdefault\u00bb global_colors_info=\u00bb{}\u00bb][et_pb_row _builder_version=\u00bb4.27.4&#8243; _module_preset=\u00bbdefault\u00bb hover_enabled=\u00bb0&#8243; global_colors_info=\u00bb{}\u00bb sticky_enabled=\u00bb0&#8243;][et_pb_column type=\u00bb4_4&#8243; _builder_version=\u00bb4.26.0&#8243; _module_preset=\u00bbdefault\u00bb global_colors_info=\u00bb{}\u00bb][et_pb_text _builder_version=\u00bb4.27.4&#8243; _module_preset=\u00bbdefault\u00bb custom_padding=\u00bb|0px||0px|false|false\u00bb hover_enabled=\u00bb0&#8243; global_colors_info=\u00bb{}\u00bb sticky_enabled=\u00bb0&#8243; custom_padding_last_edited=\u00bbon|desktop\u00bb custom_padding_tablet=\u00bb|0px||0px|false|false\u00bb custom_padding_phone=\u00bb|0px||0px|false|false\u00bb]<\/p>\n\n<div class=\"wpcf7 no-js\" id=\"wpcf7-f12388-o1\" lang=\"es-ES\" dir=\"ltr\" data-wpcf7-id=\"12388\">\n<div class=\"screen-reader-response\"><p role=\"status\" aria-live=\"polite\" aria-atomic=\"true\"><\/p> <ul><\/ul><\/div>\n<form action=\"\/sumate\/wp-json\/wp\/v2\/pages\/9833#wpcf7-f12388-o1\" method=\"post\" class=\"wpcf7-form init\" aria-label=\"Formulario de contacto\" novalidate=\"novalidate\" data-status=\"init\">\n<fieldset class=\"hidden-fields-container\"><input type=\"hidden\" name=\"_wpcf7\" value=\"12388\" \/><input type=\"hidden\" name=\"_wpcf7_version\" value=\"6.1.3\" \/><input type=\"hidden\" name=\"_wpcf7_locale\" value=\"es_ES\" \/><input type=\"hidden\" name=\"_wpcf7_unit_tag\" value=\"wpcf7-f12388-o1\" \/><input type=\"hidden\" name=\"_wpcf7_container_post\" value=\"0\" \/><input type=\"hidden\" name=\"_wpcf7_posted_data_hash\" value=\"\" \/>\n<\/fieldset>\n<input class=\"wpcf7-form-control wpcf7-hidden\" value=\"Vuelve a estudiar\" type=\"hidden\" name=\"your-subject\" \/>\n<p><label> Como te llamas?<br \/>\n<span class=\"wpcf7-form-control-wrap\" data-name=\"your-name\"><input size=\"40\" maxlength=\"400\" class=\"wpcf7-form-control wpcf7-text wpcf7-validates-as-required\" aria-required=\"true\" aria-invalid=\"false\" value=\"\" type=\"text\" name=\"your-name\" \/><\/span><br \/>\n<\/label>\n<\/p>\n<p><label>Fecha de nacimiento<br \/>\n<span class=\"wpcf7-form-control-wrap\" data-name=\"fecha-nacimiento\"><input class=\"wpcf7-form-control wpcf7-date wpcf7-validates-as-date\" min=\"2004-01-01\" max=\"2013-12-31\" aria-invalid=\"false\" value=\"\" type=\"date\" name=\"fecha-nacimiento\" \/><\/span><br \/>\n<\/label>\n<\/p>\n<p><label> \u00bfD\u00f3nde vives?<br \/>\n<span class=\"wpcf7-form-control-wrap\" data-name=\"donde-vives\"><input size=\"40\" maxlength=\"400\" class=\"wpcf7-form-control wpcf7-text wpcf7-validates-as-required\" aria-required=\"true\" aria-invalid=\"false\" value=\"\" type=\"text\" name=\"donde-vives\" \/><\/span><br \/>\n<\/label>\n<\/p>\n<p><label> \u00bfCu\u00e1l fue el \u00faltimo curso que aprobaste?<br \/>\n<span class=\"wpcf7-form-control-wrap\" data-name=\"curso-aprobado\"><input size=\"40\" maxlength=\"400\" class=\"wpcf7-form-control wpcf7-text wpcf7-validates-as-required\" aria-required=\"true\" aria-invalid=\"false\" value=\"\" type=\"text\" name=\"curso-aprobado\" \/><\/span><br \/>\n<\/label>\n<\/p>\n<p><label> D\u00e9janos tu celular<br \/>\n<span class=\"wpcf7-form-control-wrap\" data-name=\"telefono-movil\"><input size=\"40\" maxlength=\"400\" class=\"wpcf7-form-control wpcf7-text wpcf7-validates-as-required\" aria-required=\"true\" aria-invalid=\"false\" value=\"\" type=\"text\" name=\"telefono-movil\" \/><\/span><br \/>\n<\/label>\n<\/p>\n<p><label> D\u00e9janos tu rut<br \/>\n<span class=\"wpcf7-form-control-wrap\" data-name=\"rut\"><input size=\"40\" maxlength=\"400\" class=\"wpcf7-form-control wpcf7-text\" aria-invalid=\"false\" value=\"\" type=\"text\" name=\"rut\" \/><\/span><br \/>\n<\/label>\n<\/p>\n<p><label> Tu correo electr\u00f3nico<br \/>\n<span class=\"wpcf7-form-control-wrap\" data-name=\"your-email\"><input size=\"40\" maxlength=\"400\" class=\"wpcf7-form-control wpcf7-email wpcf7-text wpcf7-validates-as-email\" aria-invalid=\"false\" value=\"\" type=\"email\" name=\"your-email\" \/><\/span> <\/label>\n<\/p>\n<p><input class=\"wpcf7-form-control wpcf7-submit has-spinner\" type=\"submit\" value=\"Enviar\" \/>\n<\/p><div class=\"wpcf7-response-output\" aria-hidden=\"true\"><\/div>\n<\/form>\n<\/div>\n\n<p>[\/et_pb_text][\/et_pb_column][\/et_pb_row][\/et_pb_section]<\/p>\n","protected":false},"excerpt":{"rendered":"<p>OFRECEMOS 8vo b\u00e1sico y ense\u00f1anza media Terminar cuarto medio con oficio acreditado (Gastronom\u00eda, banqueter\u00eda y est\u00e9tica) Dos jornadas (AM y PM) Clases de lunes a viernes 100% gratuito Salidas pedag\u00f3gicas &nbsp; UBICACIONES: Maip\u00fa (solo E. Media) La Granja (solo E. Media) Renca (8vo B\u00e1sico y E. Media) Equipo profesional que te ayudar\u00e1 a buscar la [&hellip;]<\/p>\n","protected":false},"author":1,"featured_media":0,"parent":0,"menu_order":0,"comment_status":"closed","ping_status":"closed","template":"","meta":{"_acf_changed":false,"_et_pb_use_builder":"on","_et_pb_old_content":"","_et_gb_content_width":"","footnotes":""},"class_list":["post-9833","page","type-page","status-publish","hentry"],"acf":[],"_links":{"self":[{"href":"https:\/\/www.hogardecristo.cl\/sumate\/wp-json\/wp\/v2\/pages\/9833","targetHints":{"allow":["GET"]}}],"collection":[{"href":"https:\/\/www.hogardecristo.cl\/sumate\/wp-json\/wp\/v2\/pages"}],"about":[{"href":"https:\/\/www.hogardecristo.cl\/sumate\/wp-json\/wp\/v2\/types\/page"}],"author":[{"embeddable":true,"href":"https:\/\/www.hogardecristo.cl\/sumate\/wp-json\/wp\/v2\/users\/1"}],"replies":[{"embeddable":true,"href":"https:\/\/www.hogardecristo.cl\/sumate\/wp-json\/wp\/v2\/comments?post=9833"}],"version-history":[{"count":51,"href":"https:\/\/www.hogardecristo.cl\/sumate\/wp-json\/wp\/v2\/pages\/9833\/revisions"}],"predecessor-version":[{"id":12477,"href":"https:\/\/www.hogardecristo.cl\/sumate\/wp-json\/wp\/v2\/pages\/9833\/revisions\/12477"}],"wp:attachment":[{"href":"https:\/\/www.hogardecristo.cl\/sumate\/wp-json\/wp\/v2\/media?parent=9833"}],"curies":[{"name":"wp","href":"https:\/\/api.w.org\/{rel}","templated":true}]}}